{"id":5,"date":"2025-05-21T23:10:40","date_gmt":"2025-05-21T21:10:40","guid":{"rendered":"https:\/\/www.kingz.name\/?page_id=5"},"modified":"2025-05-22T11:49:06","modified_gmt":"2025-05-22T09:49:06","slug":"accueil","status":"publish","type":"page","link":"https:\/\/www.kingz.name\/","title":{"rendered":"Accueil"},"content":{"rendered":"<p>Bienvenue dans le royaume\u00a0!<\/p>\n<p>Si vous \u00eates arriv\u00e9s ici cela signifie que vous avez vu l\u2019un de nos prototypes et qu\u2019il vous a plu, et si vous en voulez un, voil\u00e0 comment cela fonctionne\u00a0:<\/p>\n<p>KINGZ est une marque de t-shirts qui a pour vocation de mettre en sc\u00e8ne des duos iconiques du monde du cin\u00e9ma, du sport, de la musique et bien plus encore sous forme de rois dispos\u00e9s sur une carte \u00e0 jouer.<\/p>\n<p>Certains duos formaient une \u00e9quipe, d\u2019autres ont \u00e9t\u00e9 rivaux mais tous ont marqu\u00e9 leur g\u00e9n\u00e9ration, choisissez les v\u00f4tres\u00a0!<\/p>\n<p>Les t-shirts seront tous produits en \u00e9ditions limit\u00e9s \u00e0 100 unit\u00e9s num\u00e9rot\u00e9es et les premiers \u00e0 s\u2019inscrire seront le premiers servis, alors plus de temps \u00e0 perdre et inscrivez-vous via le formulaire ci-dessous et vous serez contact\u00e9 en priorit\u00e9 lors de la mise en ligne du site de vente.<\/p>\n<p>Longue vie aux rois\u00a0!<\/p>\n","protected":false},"excerpt":{"rendered":"<p>Bienvenue dans le royaume\u00a0! Si vous \u00eates arriv\u00e9s ici cela signifie que vous avez vu l\u2019un de nos prototypes et qu\u2019il vous a plu, et si vous en voulez un, voil\u00e0 comment cela fonctionne\u00a0: KINGZ est une marque de t-shirts qui a pour vocation de mettre en sc\u00e8ne des duos iconiques du monde du cin\u00e9ma, [&#8230;]<\/p>\n<p><a class=\"btn btn-secondary understrap-read-more-link\" href=\"https:\/\/www.kingz.name\/\">Read More&#8230;<span class=\"screen-reader-text\"> from Accueil<\/span><\/a><\/p>\n","protected":false},"author":1,"featured_media":0,"parent":0,"menu_order":0,"comment_status":"closed","ping_status":"closed","template":"page-templates\/home.php","meta":{"footnotes":""},"class_list":["post-5","page","type-page","status-publish","hentry"],"_links":{"self":[{"href":"https:\/\/www.kingz.name\/index.php?rest_route=\/wp\/v2\/pages\/5","targetHints":{"allow":["GET"]}}],"collection":[{"href":"https:\/\/www.kingz.name\/index.php?rest_route=\/wp\/v2\/pages"}],"about":[{"href":"https:\/\/www.kingz.name\/index.php?rest_route=\/wp\/v2\/types\/page"}],"author":[{"embeddable":true,"href":"https:\/\/www.kingz.name\/index.php?rest_route=\/wp\/v2\/users\/1"}],"replies":[{"embeddable":true,"href":"https:\/\/www.kingz.name\/index.php?rest_route=%2Fwp%2Fv2%2Fcomments&post=5"}],"version-history":[{"count":4,"href":"https:\/\/www.kingz.name\/index.php?rest_route=\/wp\/v2\/pages\/5\/revisions"}],"predecessor-version":[{"id":39,"href":"https:\/\/www.kingz.name\/index.php?rest_route=\/wp\/v2\/pages\/5\/revisions\/39"}],"wp:attachment":[{"href":"https:\/\/www.kingz.name\/index.php?rest_route=%2Fwp%2Fv2%2Fmedia&parent=5"}],"curies":[{"name":"wp","href":"https:\/\/api.w.org\/{rel}","templated":true}]}}